{"id":2,"date":"2023-01-23T11:12:19","date_gmt":"2023-01-23T11:12:19","guid":{"rendered":"https:\/\/procolorkft.hu\/?page_id=2"},"modified":"2023-01-23T15:26:49","modified_gmt":"2023-01-23T15:26:49","slug":"sample-page","status":"publish","type":"page","link":"https:\/\/procolorkft.hu\/","title":{"rendered":""},"content":{"rendered":"\n<h2 class=\"wp-block-heading\">Tev\u00e9kenys\u00e9geink<\/h2>\n\n\n\n<div class=\"wp-block-columns is-layout-flex wp-container-core-columns-is-layout-9d6595d7 wp-block-columns-is-layout-flex\">\n<div class=\"wp-block-column is-layout-flow wp-block-column-is-layout-flow\">\n<p><strong>SZ\u00cdNKEVER\u00c9S<\/strong><\/p>\n\n\n\n<p>J\u00e1rm\u0171 sz\u00ednk\u00f3dja alapj\u00e1n azonnali sz\u00ednkever\u00e9s norm\u00e1l, met\u00e1l, gy\u00f6ngyh\u00e1z \u00e9s xiralic sz\u00ednekben, lehet\u0151s\u00e9g van m\u00e9g RAL, PANTONE, NCS ipari sz\u00ednek kever\u00e9s\u00e9re is f\u00e9nyes, f\u00e9nyes selyem, selyem matt \u00e9s matt kivitelben is.<\/p>\n<\/div>\n\n\n\n<div class=\"wp-block-column is-layout-flow wp-block-column-is-layout-flow\">\n<p><strong>SZ\u00cdNM\u00c9R\u00c9S<\/strong><\/p>\n\n\n\n<p>Sz\u00e1m\u00edt\u00f3g\u00e9pes sz\u00ednm\u00e9r\u00e9s spektrom\u00e9ter seg\u00edts\u00e9g\u00e9vel, sz\u00ednk\u00f3d n\u00e9lk\u00fcli j\u00e1rm\u0171vekn\u00e9l vagy b\u00e1rmilyen f\u00e9nyezett fel\u00fclet sz\u00edn\u00e9nek beazonos\u00edt\u00e1s\u00e1hoz!<\/p>\n<\/div>\n<\/div>\n\n\n\n<div class=\"wp-block-columns is-layout-flex wp-container-core-columns-is-layout-9d6595d7 wp-block-columns-is-layout-flex\">\n<div class=\"wp-block-column is-layout-flow wp-block-column-is-layout-flow\">\n<p><strong>SPRAY T\u00d6LT\u00c9S<\/strong><\/p>\n\n\n\n<p>Sz\u00edn beazonos\u00edt\u00e1s ut\u00e1n a kikevert sz\u00ednt be tudjuk t\u00f6lteni 150ml vagy 400ml-es spraybe vagy ig\u00e9ny szerint stiftbe!<br><\/p>\n<\/div>\n\n\n\n<div class=\"wp-block-column is-layout-flow wp-block-column-is-layout-flow\">\n<p><strong>SZAKTAN\u00c1CSAD\u00c1S<\/strong><\/p>\n\n\n\n<p>T\u00f6bb, mint 20 \u00e9ves szakmai tapasztalattal seg\u00edt\u00fcnk a megfelel\u0151 term\u00e9kek, illetve a helyes technol\u00f3gi\u00e1k kiv\u00e1laszt\u00e1s\u00e1ban.<br><\/p>\n<\/div>\n<\/div>\n\n\n\n<h2 class=\"wp-block-heading\">TERM\u00c9KEINK<\/h2>\n\n\n\n<h5 class=\"wp-block-heading\">SPRAY TERM\u00c9KEK<\/h5>\n\n\n\n<div class=\"wp-block-columns is-layout-flex wp-container-core-columns-is-layout-9d6595d7 wp-block-columns-is-layout-flex\">\n<div class=\"wp-block-column is-layout-flow wp-block-column-is-layout-flow\">\n<p><\/p>\n\n\n\n<figure class=\"wp-block-image size-full is-resized\"><img loading=\"lazy\" decoding=\"async\" src=\"https:\/\/procolorkft.hu\/wp-content\/uploads\/2023\/01\/dupli-color-300x48-1.png\" alt=\"\" class=\"wp-image-53\" width=\"186\" height=\"29\"\/><\/figure>\n<\/div>\n\n\n\n<div class=\"wp-block-column is-layout-flow wp-block-column-is-layout-flow\">\n<figure class=\"wp-block-image size-full\"><img loading=\"lazy\" decoding=\"async\" width=\"222\" height=\"122\" src=\"https:\/\/procolorkft.hu\/wp-content\/uploads\/2023\/01\/Montana.gif\" alt=\"\" class=\"wp-image-59\"\/><\/figure>\n<\/div>\n\n\n\n<div class=\"wp-block-column is-layout-flow wp-block-column-is-layout-flow\">\n<figure class=\"wp-block-image size-full\"><img loading=\"lazy\" decoding=\"async\" width=\"220\" height=\"122\" src=\"https:\/\/procolorkft.hu\/wp-content\/uploads\/2023\/01\/colormatic.gif\" alt=\"\" class=\"wp-image-51\"\/><\/figure>\n<\/div>\n<\/div>\n\n\n\n<div class=\"wp-block-columns is-layout-flex wp-container-core-columns-is-layout-9d6595d7 wp-block-columns-is-layout-flex\">\n<div class=\"wp-block-column is-layout-flow wp-block-column-is-layout-flow\">\n<figure class=\"wp-block-image size-full\"><img loading=\"lazy\" decoding=\"async\" width=\"222\" height=\"122\" src=\"https:\/\/procolorkft.hu\/wp-content\/uploads\/2023\/01\/presto.gif\" alt=\"\" class=\"wp-image-61\"\/><\/figure>\n<\/div>\n\n\n\n<div class=\"wp-block-column is-layout-flow wp-block-column-is-layout-flow\">\n<figure class=\"wp-block-image size-full\"><img loading=\"lazy\" decoding=\"async\" width=\"240\" height=\"96\" src=\"https:\/\/procolorkft.hu\/wp-content\/uploads\/2023\/01\/colormark1.jpg\" alt=\"\" class=\"wp-image-50\"\/><\/figure>\n<\/div>\n\n\n\n<div class=\"wp-block-column is-layout-flow wp-block-column-is-layout-flow\">\n<figure class=\"wp-block-image size-full\"><img loading=\"lazy\" decoding=\"async\" width=\"280\" height=\"87\" src=\"https:\/\/procolorkft.hu\/wp-content\/uploads\/2023\/01\/Motip.jpg\" alt=\"\" class=\"wp-image-70\"\/><\/figure>\n<\/div>\n<\/div>\n\n\n\n<h5 class=\"wp-block-heading\">IPARI \u00c9S AUT\u00d3FEST\u00c9KEK \u00c9S SEG\u00c9DANYAGOK<\/h5>\n\n\n\n<div class=\"wp-block-columns is-layout-flex wp-container-core-columns-is-layout-9d6595d7 wp-block-columns-is-layout-flex\">\n<div class=\"wp-block-column is-layout-flow wp-block-column-is-layout-flow\">\n<figure class=\"wp-block-image size-full\"><img loading=\"lazy\" decoding=\"async\" width=\"280\" height=\"128\" src=\"https:\/\/procolorkft.hu\/wp-content\/uploads\/2023\/01\/dupont.gif\" alt=\"\" class=\"wp-image-54\"\/><\/figure>\n<\/div>\n\n\n\n<div class=\"wp-block-column is-layout-flow wp-block-column-is-layout-flow\">\n<figure class=\"wp-block-image size-full\"><img loading=\"lazy\" decoding=\"async\" width=\"220\" height=\"126\" src=\"https:\/\/procolorkft.hu\/wp-content\/uploads\/2023\/01\/cromax.gif\" alt=\"\" class=\"wp-image-52\"\/><\/figure>\n<\/div>\n\n\n\n<div class=\"wp-block-column is-layout-flow wp-block-column-is-layout-flow\">\n<figure class=\"wp-block-image size-full\"><img loading=\"lazy\" decoding=\"async\" width=\"300\" height=\"64\" src=\"https:\/\/procolorkft.hu\/wp-content\/uploads\/2023\/01\/percotop-300x64-1.png\" alt=\"\" class=\"wp-image-60\"\/><\/figure>\n<\/div>\n<\/div>\n\n\n\n<div class=\"wp-block-columns is-layout-flex wp-container-core-columns-is-layout-9d6595d7 wp-block-columns-is-layout-flex\">\n<div class=\"wp-block-column is-layout-flow wp-block-column-is-layout-flow\">\n<figure class=\"wp-block-image size-full\"><img loading=\"lazy\" decoding=\"async\" width=\"166\" height=\"88\" src=\"https:\/\/procolorkft.hu\/wp-content\/uploads\/2023\/01\/besa.gif\" alt=\"\" class=\"wp-image-47\"\/><\/figure>\n<\/div>\n\n\n\n<div class=\"wp-block-column is-layout-flow wp-block-column-is-layout-flow\">\n<figure class=\"wp-block-image size-full\"><img loading=\"lazy\" decoding=\"async\" width=\"340\" height=\"131\" src=\"https:\/\/procolorkft.hu\/wp-content\/uploads\/2023\/01\/mobihel.gif\" alt=\"\" class=\"wp-image-58\"\/><\/figure>\n<\/div>\n\n\n\n<div class=\"wp-block-column is-layout-flow wp-block-column-is-layout-flow\">\n<figure class=\"wp-block-image size-full\"><img loading=\"lazy\" decoding=\"async\" width=\"280\" height=\"131\" src=\"https:\/\/procolorkft.hu\/wp-content\/uploads\/2023\/01\/alkyton.gif\" alt=\"\" class=\"wp-image-46\"\/><\/figure>\n<\/div>\n<\/div>\n\n\n\n<div class=\"wp-block-columns is-layout-flex wp-container-core-columns-is-layout-9d6595d7 wp-block-columns-is-layout-flex\">\n<div class=\"wp-block-column is-layout-flow wp-block-column-is-layout-flow\">\n<figure class=\"wp-block-image size-full\"><img loading=\"lazy\" decoding=\"async\" width=\"162\" height=\"131\" src=\"https:\/\/procolorkft.hu\/wp-content\/uploads\/2023\/01\/upol.gif\" alt=\"\" class=\"wp-image-63\"\/><\/figure>\n<\/div>\n\n\n\n<div class=\"wp-block-column is-layout-flow wp-block-column-is-layout-flow\">\n<figure class=\"wp-block-image size-full\"><img loading=\"lazy\" decoding=\"async\" width=\"340\" height=\"82\" src=\"https:\/\/procolorkft.hu\/wp-content\/uploads\/2023\/01\/colomix.gif\" alt=\"\" class=\"wp-image-49\"\/><\/figure>\n<\/div>\n\n\n\n<div class=\"wp-block-column is-layout-flow wp-block-column-is-layout-flow\"><\/div>\n<\/div>\n\n\n\n<h5 class=\"wp-block-heading\">KITTEK, CSISZOL\u00c1STECHNIKAI TERM\u00c9KEK<\/h5>\n\n\n\n<div class=\"wp-block-columns is-layout-flex wp-container-core-columns-is-layout-9d6595d7 wp-block-columns-is-layout-flex\">\n<div class=\"wp-block-column is-layout-flow wp-block-column-is-layout-flow\">\n<figure class=\"wp-block-image size-full\"><img loading=\"lazy\" decoding=\"async\" width=\"222\" height=\"122\" src=\"https:\/\/procolorkft.hu\/wp-content\/uploads\/2023\/01\/presto.gif\" alt=\"\" class=\"wp-image-61\"\/><\/figure>\n<\/div>\n\n\n\n<div class=\"wp-block-column is-layout-flow wp-block-column-is-layout-flow\">\n<figure class=\"wp-block-image size-full\"><img loading=\"lazy\" decoding=\"async\" width=\"166\" height=\"88\" src=\"https:\/\/procolorkft.hu\/wp-content\/uploads\/2023\/01\/besa.gif\" alt=\"\" class=\"wp-image-47\"\/><\/figure>\n<\/div>\n<\/div>\n\n\n\n<div class=\"wp-block-columns is-layout-flex wp-container-core-columns-is-layout-9d6595d7 wp-block-columns-is-layout-flex\">\n<div class=\"wp-block-column is-layout-flow wp-block-column-is-layout-flow\">\n<figure class=\"wp-block-image size-full\"><img loading=\"lazy\" decoding=\"async\" width=\"123\" height=\"66\" src=\"https:\/\/procolorkft.hu\/wp-content\/uploads\/2023\/01\/3m.gif\" alt=\"\" class=\"wp-image-45\"\/><\/figure>\n<\/div>\n\n\n\n<div class=\"wp-block-column is-layout-flow wp-block-column-is-layout-flow\">\n<figure class=\"wp-block-image size-full\"><img loading=\"lazy\" decoding=\"async\" width=\"123\" height=\"123\" src=\"https:\/\/procolorkft.hu\/wp-content\/uploads\/2023\/01\/car_system.gif\" alt=\"\" class=\"wp-image-48\"\/><\/figure>\n<\/div>\n<\/div>\n\n\n\n<h5 class=\"wp-block-heading\">POL\u00cdROZOK, POL\u00cdROZ\u00d3 ESZK\u00d6Z\u00d6K<\/h5>\n\n\n\n<div class=\"wp-block-columns is-layout-flex wp-container-core-columns-is-layout-9d6595d7 wp-block-columns-is-layout-flex\">\n<div class=\"wp-block-column is-layout-flow wp-block-column-is-layout-flow\">\n<figure class=\"wp-block-image size-full\"><img loading=\"lazy\" decoding=\"async\" width=\"238\" height=\"132\" src=\"https:\/\/procolorkft.hu\/wp-content\/uploads\/2023\/01\/flexipads.gif\" alt=\"\" class=\"wp-image-57\"\/><\/figure>\n<\/div>\n\n\n\n<div class=\"wp-block-column is-layout-flow wp-block-column-is-layout-flow\">\n<figure class=\"wp-block-image size-full\"><img loading=\"lazy\" decoding=\"async\" width=\"230\" height=\"132\" src=\"https:\/\/procolorkft.hu\/wp-content\/uploads\/2023\/01\/farcela.gif\" alt=\"\" class=\"wp-image-56\"\/><\/figure>\n<\/div>\n<\/div>\n\n\n\n<div class=\"wp-block-columns is-layout-flex wp-container-core-columns-is-layout-9d6595d7 wp-block-columns-is-layout-flex\">\n<div class=\"wp-block-column is-layout-flow wp-block-column-is-layout-flow\">\n<figure class=\"wp-block-image size-full\"><img loading=\"lazy\" decoding=\"async\" width=\"123\" height=\"66\" src=\"https:\/\/procolorkft.hu\/wp-content\/uploads\/2023\/01\/3m.gif\" alt=\"\" class=\"wp-image-45\"\/><\/figure>\n<\/div>\n\n\n\n<div class=\"wp-block-column is-layout-flow wp-block-column-is-layout-flow\">\n<figure class=\"wp-block-image size-full\"><img loading=\"lazy\" decoding=\"async\" width=\"291\" height=\"132\" src=\"https:\/\/procolorkft.hu\/wp-content\/uploads\/2023\/01\/einhell.gif\" alt=\"\" class=\"wp-image-55\"\/><\/figure>\n<\/div>\n<\/div>\n\n\n\n<h5 class=\"wp-block-heading\">Aut\u00f3kozmetikai \u00e9s szezon\u00e1lis term\u00e9kek<\/h5>\n\n\n\n<div class=\"wp-block-columns is-layout-flex wp-container-core-columns-is-layout-9d6595d7 wp-block-columns-is-layout-flex\">\n<div class=\"wp-block-column is-layout-flow wp-block-column-is-layout-flow\">\n<figure class=\"wp-block-image size-full\"><img loading=\"lazy\" decoding=\"async\" width=\"222\" height=\"122\" src=\"https:\/\/procolorkft.hu\/wp-content\/uploads\/2023\/01\/presto.gif\" alt=\"\" class=\"wp-image-61\"\/><\/figure>\n<\/div>\n\n\n\n<div class=\"wp-block-column is-layout-flow wp-block-column-is-layout-flow\">\n<figure class=\"wp-block-image size-full\"><img loading=\"lazy\" decoding=\"async\" width=\"280\" height=\"87\" src=\"https:\/\/procolorkft.hu\/wp-content\/uploads\/2023\/01\/Motip.jpg\" alt=\"\" class=\"wp-image-70\"\/><\/figure>\n<\/div>\n<\/div>\n\n\n\n<div class=\"wp-block-columns is-layout-flex wp-container-core-columns-is-layout-9d6595d7 wp-block-columns-is-layout-flex\">\n<div class=\"wp-block-column is-layout-flow wp-block-column-is-layout-flow\">\n<figure class=\"wp-block-image size-full\"><img loading=\"lazy\" decoding=\"async\" width=\"340\" height=\"82\" src=\"https:\/\/procolorkft.hu\/wp-content\/uploads\/2023\/01\/colomix.gif\" alt=\"\" class=\"wp-image-49\"\/><\/figure>\n<\/div>\n\n\n\n<div class=\"wp-block-column is-layout-flow wp-block-column-is-layout-flow\">\n<figure class=\"wp-block-image size-full\"><img loading=\"lazy\" decoding=\"async\" width=\"420\" height=\"92\" src=\"https:\/\/procolorkft.hu\/wp-content\/uploads\/2023\/01\/reinoldmax.gif\" alt=\"\" class=\"wp-image-62\"\/><\/figure>\n<\/div>\n<\/div>\n\n\n\n<h5 class=\"wp-block-heading\">Dekor\u00e1ci\u00f3s term\u00e9kek<\/h5>\n\n\n\n<div class=\"wp-block-columns is-layout-flex wp-container-core-columns-is-layout-9d6595d7 wp-block-columns-is-layout-flex\">\n<div class=\"wp-block-column is-layout-flow wp-block-column-is-layout-flow\">\n<figure class=\"wp-block-image size-full\"><img loading=\"lazy\" decoding=\"async\" width=\"222\" height=\"122\" src=\"https:\/\/procolorkft.hu\/wp-content\/uploads\/2023\/01\/Montana.gif\" alt=\"\" class=\"wp-image-59\"\/><\/figure>\n<\/div>\n\n\n\n<div class=\"wp-block-column is-layout-flow wp-block-column-is-layout-flow\"><\/div>\n<\/div>\n\n\n\n<h2 class=\"wp-block-heading\">KAPCSOLAT<\/h2>\n\n\n\n<div class=\"wp-block-columns is-layout-flex wp-container-core-columns-is-layout-9d6595d7 wp-block-columns-is-layout-flex\">\n<div class=\"wp-block-column is-layout-flow wp-block-column-is-layout-flow\" style=\"flex-basis:66.66%\">\n<h4 class=\"wp-block-heading\">E-mail<\/h4>\n\n\n\n<p><a href=\"https:\/\/web.archive.org\/web\/20220809225407\/mailto:info@procolorkft.hu\">info@procolorkft.hu<\/a><\/p>\n\n\n\n<h4 class=\"wp-block-heading\">Telefonon<\/h4>\n\n\n\n<p>06 1 370-1721<\/p>\n\n\n\n<h4 class=\"wp-block-heading\">Fax<\/h4>\n\n\n\n<p>06 1 370-1721<\/p>\n<\/div>\n\n\n\n<div class=\"wp-block-column is-layout-flow wp-block-column-is-layout-flow\" style=\"flex-basis:33.33%\">\n<h4 class=\"wp-block-heading\">Lev\u00e9lc\u00edm\u00fcnk<\/h4>\n\n\n\n<p>Procolor Kft. 1041 Budapest, \u00c1rp\u00e1d \u00fat 154.<\/p>\n\n\n\n<h4 class=\"wp-block-heading\">Nyitvatart\u00e1s<\/h4>\n\n\n\n<p>H\u00e9tf\u0151-\u00adP\u00e9ntek: 8:30 \u00ad- 16:00<\/p>\n<\/div>\n<\/div>\n","protected":false},"excerpt":{"rendered":"<p>Tev\u00e9kenys\u00e9geink SZ\u00cdNKEVER\u00c9S J\u00e1rm\u0171 sz\u00ednk\u00f3dja alapj\u00e1n azonnali sz\u00ednkever\u00e9s norm\u00e1l, met\u00e1l, gy\u00f6ngyh\u00e1z \u00e9s xiralic sz\u00ednekben, lehet\u0151s\u00e9g van m\u00e9g RAL, PANTONE, NCS ipari sz\u00ednek kever\u00e9s\u00e9re is f\u00e9nyes, f\u00e9nyes selyem, selyem matt \u00e9s matt kivitelben is. SZ\u00cdNM\u00c9R\u00c9S Sz\u00e1m\u00edt\u00f3g\u00e9pes sz\u00ednm\u00e9r\u00e9s spektrom\u00e9ter seg\u00edts\u00e9g\u00e9vel, sz\u00ednk\u00f3d n\u00e9lk\u00fcli j\u00e1rm\u0171vekn\u00e9l vagy b\u00e1rmilyen f\u00e9nyezett fel\u00fclet sz\u00edn\u00e9nek beazonos\u00edt\u00e1s\u00e1hoz! SPRAY T\u00d6LT\u00c9S Sz\u00edn beazonos\u00edt\u00e1s ut\u00e1n a kikevert sz\u00ednt be [&hellip;]<\/p>\n","protected":false},"author":1,"featured_media":0,"parent":0,"menu_order":0,"comment_status":"closed","ping_status":"closed","template":"","meta":{"footnotes":""},"class_list":["post-2","page","type-page","status-publish","hentry","entry"],"yoast_head":"<!-- This site is optimized with the Yoast SEO plugin v19.14 - https:\/\/yoast.com\/wordpress\/plugins\/seo\/ -->\n<title>- Procolor Kft<\/title>\n<meta name=\"robots\" content=\"index, follow, max-snippet:-1, max-image-preview:large, max-video-preview:-1\" \/>\n<link rel=\"canonical\" href=\"https:\/\/procolorkft.hu\/\" \/>\n<meta property=\"og:locale\" content=\"hu_HU\" \/>\n<meta property=\"og:type\" content=\"article\" \/>\n<meta property=\"og:title\" content=\"- Procolor Kft\" \/>\n<meta property=\"og:description\" content=\"Tev\u00e9kenys\u00e9geink SZ\u00cdNKEVER\u00c9S J\u00e1rm\u0171 sz\u00ednk\u00f3dja alapj\u00e1n azonnali sz\u00ednkever\u00e9s norm\u00e1l, met\u00e1l, gy\u00f6ngyh\u00e1z \u00e9s xiralic sz\u00ednekben, lehet\u0151s\u00e9g van m\u00e9g RAL, PANTONE, NCS ipari sz\u00ednek kever\u00e9s\u00e9re is f\u00e9nyes, f\u00e9nyes selyem, selyem matt \u00e9s matt kivitelben is. SZ\u00cdNM\u00c9R\u00c9S Sz\u00e1m\u00edt\u00f3g\u00e9pes sz\u00ednm\u00e9r\u00e9s spektrom\u00e9ter seg\u00edts\u00e9g\u00e9vel, sz\u00ednk\u00f3d n\u00e9lk\u00fcli j\u00e1rm\u0171vekn\u00e9l vagy b\u00e1rmilyen f\u00e9nyezett fel\u00fclet sz\u00edn\u00e9nek beazonos\u00edt\u00e1s\u00e1hoz! SPRAY T\u00d6LT\u00c9S Sz\u00edn beazonos\u00edt\u00e1s ut\u00e1n a kikevert sz\u00ednt be [&hellip;]\" \/>\n<meta property=\"og:url\" content=\"https:\/\/procolorkft.hu\/\" \/>\n<meta property=\"og:site_name\" content=\"Procolor Kft\" \/>\n<meta property=\"article:modified_time\" content=\"2023-01-23T15:26:49+00:00\" \/>\n<meta property=\"og:image\" content=\"https:\/\/procolorkft.hu\/wp-content\/uploads\/2023\/01\/dupli-color-300x48-1.png\" \/>\n<meta name=\"twitter:card\" content=\"summary_large_image\" \/>\n<meta name=\"twitter:label1\" content=\"Becs\u00fclt olvas\u00e1si id\u0151\" \/>\n\t<meta name=\"twitter:data1\" content=\"7 perc\" \/>\n<script type=\"application\/ld+json\" class=\"yoast-schema-graph\">{\"@context\":\"https:\/\/schema.org\",\"@graph\":[{\"@type\":\"WebPage\",\"@id\":\"https:\/\/procolorkft.hu\/\",\"url\":\"https:\/\/procolorkft.hu\/\",\"name\":\"- Procolor Kft\",\"isPartOf\":{\"@id\":\"https:\/\/procolorkft.hu\/#website\"},\"datePublished\":\"2023-01-23T11:12:19+00:00\",\"dateModified\":\"2023-01-23T15:26:49+00:00\",\"inLanguage\":\"hu\",\"potentialAction\":[{\"@type\":\"ReadAction\",\"target\":[\"https:\/\/procolorkft.hu\/\"]}]},{\"@type\":\"WebSite\",\"@id\":\"https:\/\/procolorkft.hu\/#website\",\"url\":\"https:\/\/procolorkft.hu\/\",\"name\":\"Procolor Kft\",\"description\":\"\",\"publisher\":{\"@id\":\"https:\/\/procolorkft.hu\/#organization\"},\"potentialAction\":[{\"@type\":\"SearchAction\",\"target\":{\"@type\":\"EntryPoint\",\"urlTemplate\":\"https:\/\/procolorkft.hu\/?s={search_term_string}\"},\"query-input\":\"required name=search_term_string\"}],\"inLanguage\":\"hu\"},{\"@type\":\"Organization\",\"@id\":\"https:\/\/procolorkft.hu\/#organization\",\"name\":\"Procolor Kft\",\"url\":\"https:\/\/procolorkft.hu\/\",\"logo\":{\"@type\":\"ImageObject\",\"inLanguage\":\"hu\",\"@id\":\"https:\/\/procolorkft.hu\/#\/schema\/logo\/image\/\",\"url\":\"https:\/\/procolorkft.hu\/wp-content\/uploads\/2023\/01\/cropped-245431888_332833845307362_8790797449044003287_n-e1674474067462.png\",\"contentUrl\":\"https:\/\/procolorkft.hu\/wp-content\/uploads\/2023\/01\/cropped-245431888_332833845307362_8790797449044003287_n-e1674474067462.png\",\"width\":200,\"height\":200,\"caption\":\"Procolor Kft\"},\"image\":{\"@id\":\"https:\/\/procolorkft.hu\/#\/schema\/logo\/image\/\"}}]}<\/script>\n<!-- \/ Yoast SEO plugin. -->","yoast_head_json":{"title":"- Procolor Kft","robots":{"index":"index","follow":"follow","max-snippet":"max-snippet:-1","max-image-preview":"max-image-preview:large","max-video-preview":"max-video-preview:-1"},"canonical":"https:\/\/procolorkft.hu\/","og_locale":"hu_HU","og_type":"article","og_title":"- Procolor Kft","og_description":"Tev\u00e9kenys\u00e9geink SZ\u00cdNKEVER\u00c9S J\u00e1rm\u0171 sz\u00ednk\u00f3dja alapj\u00e1n azonnali sz\u00ednkever\u00e9s norm\u00e1l, met\u00e1l, gy\u00f6ngyh\u00e1z \u00e9s xiralic sz\u00ednekben, lehet\u0151s\u00e9g van m\u00e9g RAL, PANTONE, NCS ipari sz\u00ednek kever\u00e9s\u00e9re is f\u00e9nyes, f\u00e9nyes selyem, selyem matt \u00e9s matt kivitelben is. SZ\u00cdNM\u00c9R\u00c9S Sz\u00e1m\u00edt\u00f3g\u00e9pes sz\u00ednm\u00e9r\u00e9s spektrom\u00e9ter seg\u00edts\u00e9g\u00e9vel, sz\u00ednk\u00f3d n\u00e9lk\u00fcli j\u00e1rm\u0171vekn\u00e9l vagy b\u00e1rmilyen f\u00e9nyezett fel\u00fclet sz\u00edn\u00e9nek beazonos\u00edt\u00e1s\u00e1hoz! SPRAY T\u00d6LT\u00c9S Sz\u00edn beazonos\u00edt\u00e1s ut\u00e1n a kikevert sz\u00ednt be [&hellip;]","og_url":"https:\/\/procolorkft.hu\/","og_site_name":"Procolor Kft","article_modified_time":"2023-01-23T15:26:49+00:00","og_image":[{"url":"https:\/\/procolorkft.hu\/wp-content\/uploads\/2023\/01\/dupli-color-300x48-1.png"}],"twitter_card":"summary_large_image","twitter_misc":{"Becs\u00fclt olvas\u00e1si id\u0151":"7 perc"},"schema":{"@context":"https:\/\/schema.org","@graph":[{"@type":"WebPage","@id":"https:\/\/procolorkft.hu\/","url":"https:\/\/procolorkft.hu\/","name":"- Procolor Kft","isPartOf":{"@id":"https:\/\/procolorkft.hu\/#website"},"datePublished":"2023-01-23T11:12:19+00:00","dateModified":"2023-01-23T15:26:49+00:00","inLanguage":"hu","potentialAction":[{"@type":"ReadAction","target":["https:\/\/procolorkft.hu\/"]}]},{"@type":"WebSite","@id":"https:\/\/procolorkft.hu\/#website","url":"https:\/\/procolorkft.hu\/","name":"Procolor Kft","description":"","publisher":{"@id":"https:\/\/procolorkft.hu\/#organization"},"potentialAction":[{"@type":"SearchAction","target":{"@type":"EntryPoint","urlTemplate":"https:\/\/procolorkft.hu\/?s={search_term_string}"},"query-input":"required name=search_term_string"}],"inLanguage":"hu"},{"@type":"Organization","@id":"https:\/\/procolorkft.hu\/#organization","name":"Procolor Kft","url":"https:\/\/procolorkft.hu\/","logo":{"@type":"ImageObject","inLanguage":"hu","@id":"https:\/\/procolorkft.hu\/#\/schema\/logo\/image\/","url":"https:\/\/procolorkft.hu\/wp-content\/uploads\/2023\/01\/cropped-245431888_332833845307362_8790797449044003287_n-e1674474067462.png","contentUrl":"https:\/\/procolorkft.hu\/wp-content\/uploads\/2023\/01\/cropped-245431888_332833845307362_8790797449044003287_n-e1674474067462.png","width":200,"height":200,"caption":"Procolor Kft"},"image":{"@id":"https:\/\/procolorkft.hu\/#\/schema\/logo\/image\/"}}]}},"_links":{"self":[{"href":"https:\/\/procolorkft.hu\/index.php\/wp-json\/wp\/v2\/pages\/2","targetHints":{"allow":["GET"]}}],"collection":[{"href":"https:\/\/procolorkft.hu\/index.php\/wp-json\/wp\/v2\/pages"}],"about":[{"href":"https:\/\/procolorkft.hu\/index.php\/wp-json\/wp\/v2\/types\/page"}],"author":[{"embeddable":true,"href":"https:\/\/procolorkft.hu\/index.php\/wp-json\/wp\/v2\/users\/1"}],"replies":[{"embeddable":true,"href":"https:\/\/procolorkft.hu\/index.php\/wp-json\/wp\/v2\/comments?post=2"}],"version-history":[{"count":16,"href":"https:\/\/procolorkft.hu\/index.php\/wp-json\/wp\/v2\/pages\/2\/revisions"}],"predecessor-version":[{"id":75,"href":"https:\/\/procolorkft.hu\/index.php\/wp-json\/wp\/v2\/pages\/2\/revisions\/75"}],"wp:attachment":[{"href":"https:\/\/procolorkft.hu\/index.php\/wp-json\/wp\/v2\/media?parent=2"}],"curies":[{"name":"wp","href":"https:\/\/api.w.org\/{rel}","templated":true}]}}